{"id":4073,"date":"2022-09-11T11:00:43","date_gmt":"2022-09-11T09:00:43","guid":{"rendered":"https:\/\/wunderwald-fahrservice.de\/?page_id=4073"},"modified":"2025-11-29T12:10:34","modified_gmt":"2025-11-29T11:10:34","slug":"imprint","status":"publish","type":"page","link":"https:\/\/wunderwald-fahrservice.de\/en\/imprint\/","title":{"rendered":"Imprint"},"content":{"rendered":"\t\t<div data-elementor-type=\"wp-page\" data-elementor-id=\"4073\" class=\"elementor elementor-4073\" data-elementor-post-type=\"page\">\n\t\t\t\t\t\t<section class=\"ob-is-breaking-bad elementor-section elementor-top-section elementor-element elementor-element-2bb88e2 elementor-section-boxed elementor-section-height-default elementor-section-height-default\" data-id=\"2bb88e2\" data-element_type=\"section\" data-settings=\"{&quot;background_background&quot;:&quot;classic&quot;,&quot;_ob_bbad_use_it&quot;:&quot;yes&quot;,&quot;_ob_bbad_sssic_use&quot;:&quot;no&quot;,&quot;_ob_glider_is_slider&quot;:&quot;no&quot;}\">\n\t\t\t\t\t\t<div class=\"elementor-container elementor-column-gap-default\">\n\t\t\t\t\t<div class=\"elementor-column elementor-col-100 elementor-top-column elementor-element elementor-element-c83a658\" data-id=\"c83a658\" data-element_type=\"column\" data-settings=\"{&quot;_ob_bbad_is_stalker&quot;:&quot;no&quot;,&quot;_ob_teleporter_use&quot;:false,&quot;_ob_column_hoveranimator&quot;:&quot;no&quot;,&quot;_ob_column_has_pseudo&quot;:&quot;no&quot;}\">\n\t\t\t<div class=\"elementor-widget-wrap elementor-element-populated\">\n\t\t\t\t\t\t<div class=\"elementor-element elementor-element-410bb14 ob-harakiri-inherit ob-has-background-overlay elementor-widget elementor-widget-heading\" data-id=\"410bb14\" data-element_type=\"widget\" data-settings=\"{&quot;_ob_use_harakiri&quot;:&quot;yes&quot;,&quot;_ob_harakiri_writing_mode&quot;:&quot;inherit&quot;,&quot;_ob_harakiri_text_clip&quot;:&quot;none&quot;,&quot;_ob_perspektive_use&quot;:&quot;no&quot;,&quot;_ob_poopart_use&quot;:&quot;yes&quot;,&quot;_ob_shadough_use&quot;:&quot;no&quot;,&quot;_ob_allow_hoveranimator&quot;:&quot;no&quot;,&quot;_ob_widget_stalker_use&quot;:&quot;no&quot;}\" data-widget_type=\"heading.default\">\n\t\t\t\t<div class=\"elementor-widget-container\">\n\t\t\t\t\t<h1 class=\"elementor-heading-title elementor-size-default\">Imprint<\/h1>\t\t\t\t<\/div>\n\t\t\t\t<\/div>\n\t\t\t\t<div class=\"elementor-element elementor-element-0ecf770 ob-harakiri-inherit ob-has-background-overlay elementor-widget elementor-widget-text-editor\" data-id=\"0ecf770\" data-element_type=\"widget\" data-settings=\"{&quot;_ob_use_harakiri&quot;:&quot;yes&quot;,&quot;_ob_harakiri_writing_mode&quot;:&quot;inherit&quot;,&quot;_ob_postman_use&quot;:&quot;no&quot;,&quot;_ob_perspektive_use&quot;:&quot;no&quot;,&quot;_ob_poopart_use&quot;:&quot;yes&quot;,&quot;_ob_shadough_use&quot;:&quot;no&quot;,&quot;_ob_allow_hoveranimator&quot;:&quot;no&quot;,&quot;_ob_widget_stalker_use&quot;:&quot;no&quot;}\" data-widget_type=\"text-editor.default\">\n\t\t\t\t<div class=\"elementor-widget-container\">\n\t\t\t\t\t\t\t\t\t<p><strong>gem\u00e4\u00df \u00a75 TMG<\/strong><\/p><h2>Wunderwald LBC \u2013 Berlin GmbH<\/h2><p>Spechtstr. 24b,<br \/>D-13505 Berlin<\/p><p><strong>Management:<\/strong><br \/>Jenny Wunderwald<\/p><p><b>Verkehrsleiter :<\/b><br \/>Peter Wunderwald<\/p><p><strong>Contact options:<\/strong><br \/>Telefon: +49 (0) 30 40 77 94 05<br \/>Telefax: +49 (0) 30 40 77 94 25<br \/><a class=\"weiss\" href=\"mailto:info@wunderwald-fahrservice.de\">info@wunderwald-fahrservice.de<\/a><\/p><p>Commercial Register: HRB 185632 B \/ AG-Charlottenburg<br \/>Umsatzsteuer-ID: DE311355416<\/p><h3>Supervisory authority:<\/h3><p>Senatsverwaltung f\u00fcr Stadtentwicklung<br \/>Landesamt f\u00fcr B\u00fcrger- und Ordnungsangelegenheiten<br \/>Referat Fahrerlaubnisse, Personen- u. G\u00fcterbef\u00f6rderung<br \/>Puttkammerstr. 16-18, 10958 Berlin<\/p><p>Mitgliedschaft bei der Fuhrgewerbeinnung Berlin-Brandenburg<\/p><p><strong>Data Protection Officer:<\/strong><br \/>Wunderwald LBC &#8211; Berlin GmbH<br \/>Christine Albrecht<br \/>Spechtstra\u00dfe 24b<br \/>13505 Berlin<br \/><a class=\"weiss\" href=\"mailto:datenschutz@wunderwald-berlin.com\">datenschutz@wunderwald-berlin.com<\/a><br \/>Telefon: <a class=\"weiss\" href=\"tel:+493040779405\">+49 (0) 30 40 77 94 05<\/a><\/p><p>Duty to provide information on the Consumer Dispute Settlement Act (\u00a7 36 VSBG):<\/p><p>We participate in a dispute resolution procedure before the consumer arbitration board. The responsible consumer arbitration board is:<\/p><p><strong>Beauftragte f\u00fcr Nachhaltigkeit, Diversit\u00e4t, Inklusion &amp; Antidiskriminierung<\/strong><br \/>Wunderwald LBC \u2013 Berlin GmbH<br \/>Claudia Wilmans<br \/>Spechtstra\u00dfe 24b<br \/>13505 Berlin<br \/>claudia.wilmans@wunderwald-berlin.com<\/p><p><strong>Allgemeine Verbraucherschlichtungsstelle des Zentrums f\u00fcr Schlichtung e. V.<\/strong><br \/>Stra\u00dfburger Str. 8<br \/>77694 Kehl<br \/>Phone: +49 7851 79579 40<br \/>Fax: +49 7851 79579 41<\/p><p>Internet: www.verbraucher-schlichter.de<br \/>E-Mail: mail@verbraucher-schlichter.de<\/p><p>This conciliation body is a \u201eAllgemeine Verbraucherschlichtungsstelle\u201c nach \u00a7 4 Absatz 2 Satz 2 VSBG<br \/>Haftungsausschluss (Disclaimer)<\/p><h3>Liability for contents<\/h3><p>The contents of our pages were created with the utmost care. However, we cannot guarantee the accuracy, completeness and timeliness of the content.<br \/>As a service provider, we are responsible for our own content on these pages under the general laws according to \u00a7 7 para.1 TMG. According to \u00a7\u00a7 8 to 10 TMG, however, we are not obligated as a service provider to monitor transmitted or stored third-party information or to investigate circumstances that indicate illegal activity. Obligations to remove or block the use of information under the general laws remain unaffected. However, liability in this regard is only possible from the time of knowledge of a concrete infringement. If we become aware of any such infringements, we will remove this content immediately.<\/p><h3>Liability for links<\/h3><p>Our offer contains links to external websites of third parties, on whose contents we have no influence. Therefore, we cannot assume any liability for these external contents. The respective provider or operator of the pages is always responsible for the content of the linked pages. The linked pages were checked for possible legal violations at the time of linking. Illegal contents were not recognizable at the time of linking. However, a permanent control of the contents of the linked pages is not reasonable without concrete evidence of a violation of the law. If we become aware of any infringements, we will remove such links immediately.<\/p><h3>Copyright<\/h3><p>The content and works created by the site operators on these pages are subject to German copyright law. The reproduction, editing, distribution and any kind of exploitation outside the limits of copyright require the written consent of the respective author or creator. Downloads and copies of this site are only permitted for private, non-commercial use. Insofar as the content on this site was not created by the operator, the copyrights of third parties are respected. In particular, third-party content is identified as such. Should you nevertheless become aware of a copyright infringement, please inform us accordingly. If we become aware of any infringements, we will remove such content immediately.<\/p><h3>Privacy<\/h3><p>You can find our privacy policy here: <a class=\"weiss\" href=\"https:\/\/wunderwald-fahrservice.de\/en\/data-privacy\/\">Privacy policy<\/a><\/p>\t\t\t\t\t\t\t\t<\/div>\n\t\t\t\t<\/div>\n\t\t\t\t<section class=\"ob-is-breaking-bad ob-bb-inner elementor-section elementor-inner-section elementor-element elementor-element-a0fba9d elementor-section-boxed elementor-section-height-default elementor-section-height-default\" data-id=\"a0fba9d\" data-element_type=\"section\" data-settings=\"{&quot;_ob_bbad_use_it&quot;:&quot;yes&quot;,&quot;_ob_bbad_sssic_use&quot;:&quot;no&quot;,&quot;_ob_glider_is_slider&quot;:&quot;no&quot;}\">\n\t\t\t\t\t\t<div class=\"elementor-container elementor-column-gap-default\">\n\t\t\t\t\t<div class=\"elementor-column elementor-col-100 elementor-inner-column elementor-element elementor-element-22282b1\" data-id=\"22282b1\" data-element_type=\"column\" data-settings=\"{&quot;_ob_bbad_is_stalker&quot;:&quot;no&quot;,&quot;_ob_teleporter_use&quot;:false,&quot;_ob_column_hoveranimator&quot;:&quot;no&quot;,&quot;_ob_column_has_pseudo&quot;:&quot;no&quot;}\">\n\t\t\t<div class=\"elementor-widget-wrap\">\n\t\t\t\t\t\t\t<\/div>\n\t\t<\/div>\n\t\t\t\t\t<\/div>\n\t\t<\/section>\n\t\t\t\t\t<\/div>\n\t\t<\/div>\n\t\t\t\t\t<\/div>\n\t\t<\/section>\n\t\t\t\t<\/div>\n\t\t","protected":false},"excerpt":{"rendered":"<p>Imprint gem\u00e4\u00df \u00a75 TMG Wunderwald LBC \u2013 Berlin GmbH Spechtstr. 24b,D-13505 Berlin Management:Jenny Wunderwald Verkehrsleiter :Peter Wunderwald Contact options:Telefon: +49 (0) 30 40 77 94 05Telefax: +49 (0) 30 40 77 94 25info@wunderwald-fahrservice.de Commercial Register: HRB 185632 B \/ AG-CharlottenburgUmsatzsteuer-ID: DE311355416 Supervisory authority: Senatsverwaltung f\u00fcr StadtentwicklungLandesamt f\u00fcr B\u00fcrger- und OrdnungsangelegenheitenReferat Fahrerlaubnisse, Personen- u. G\u00fcterbef\u00f6rderungPuttkammerstr. 16-18, [&hellip;]<\/p>\n","protected":false},"author":6,"featured_media":0,"parent":0,"menu_order":0,"comment_status":"closed","ping_status":"closed","template":"elementor_header_footer","meta":{"footnotes":""},"class_list":["post-4073","page","type-page","status-publish","hentry"],"yoast_head":"<!-- This site is optimized with the Yoast SEO plugin v27.3 - https:\/\/yoast.com\/product\/yoast-seo-wordpress\/ -->\n<title>Imprint<\/title>\n<meta name=\"robots\" content=\"index, follow, max-snippet:-1, max-image-preview:large, max-video-preview:-1\" \/>\n<link rel=\"canonical\" href=\"https:\/\/wunderwald-fahrservice.de\/en\/imprint\/\" \/>\n<meta property=\"og:locale\" content=\"en_US\" \/>\n<meta property=\"og:type\" content=\"article\" \/>\n<meta property=\"og:title\" content=\"Imprint\" \/>\n<meta property=\"og:description\" content=\"Imprint gem\u00e4\u00df \u00a75 TMG Wunderwald LBC \u2013 Berlin GmbH Spechtstr. 24b,D-13505 Berlin Management:Jenny Wunderwald Verkehrsleiter :Peter Wunderwald Contact options:Telefon: +49 (0) 30 40 77 94 05Telefax: +49 (0) 30 40 77 94 25info@wunderwald-fahrservice.de Commercial Register: HRB 185632 B \/ AG-CharlottenburgUmsatzsteuer-ID: DE311355416 Supervisory authority: Senatsverwaltung f\u00fcr StadtentwicklungLandesamt f\u00fcr B\u00fcrger- und OrdnungsangelegenheitenReferat Fahrerlaubnisse, Personen- u. G\u00fcterbef\u00f6rderungPuttkammerstr. 16-18, [&hellip;]\" \/>\n<meta property=\"og:url\" content=\"https:\/\/wunderwald-fahrservice.de\/en\/imprint\/\" \/>\n<meta property=\"og:site_name\" content=\"Wunderwald Fahrservice Berlin\" \/>\n<meta property=\"article:modified_time\" content=\"2025-11-29T11:10:34+00:00\" \/>\n<meta name=\"twitter:card\" content=\"summary_large_image\" \/>\n<meta name=\"twitter:label1\" content=\"Est. reading time\" \/>\n\t<meta name=\"twitter:data1\" content=\"3 minutes\" \/>\n<script type=\"application\/ld+json\" class=\"yoast-schema-graph\">{\"@context\":\"https:\\\/\\\/schema.org\",\"@graph\":[{\"@type\":\"WebPage\",\"@id\":\"https:\\\/\\\/wunderwald-fahrservice.de\\\/en\\\/imprint\\\/\",\"url\":\"https:\\\/\\\/wunderwald-fahrservice.de\\\/en\\\/imprint\\\/\",\"name\":\"Imprint\",\"isPartOf\":{\"@id\":\"https:\\\/\\\/wunderwald-fahrservice.de\\\/#website\"},\"datePublished\":\"2022-09-11T09:00:43+00:00\",\"dateModified\":\"2025-11-29T11:10:34+00:00\",\"breadcrumb\":{\"@id\":\"https:\\\/\\\/wunderwald-fahrservice.de\\\/en\\\/imprint\\\/#breadcrumb\"},\"inLanguage\":\"en-US\",\"potentialAction\":[{\"@type\":\"ReadAction\",\"target\":[\"https:\\\/\\\/wunderwald-fahrservice.de\\\/en\\\/imprint\\\/\"]}]},{\"@type\":\"BreadcrumbList\",\"@id\":\"https:\\\/\\\/wunderwald-fahrservice.de\\\/en\\\/imprint\\\/#breadcrumb\",\"itemListElement\":[{\"@type\":\"ListItem\",\"position\":1,\"name\":\"Startseite\",\"item\":\"https:\\\/\\\/wunderwald-fahrservice.de\\\/\"},{\"@type\":\"ListItem\",\"position\":2,\"name\":\"Imprint\"}]},{\"@type\":\"WebSite\",\"@id\":\"https:\\\/\\\/wunderwald-fahrservice.de\\\/#website\",\"url\":\"https:\\\/\\\/wunderwald-fahrservice.de\\\/\",\"name\":\"Wunderwald Fahrservice Berlin\",\"description\":\"Limousinen, Busse, Minivans f\u00fcr Ihre Touren\",\"publisher\":{\"@id\":\"https:\\\/\\\/wunderwald-fahrservice.de\\\/#organization\"},\"potentialAction\":[{\"@type\":\"SearchAction\",\"target\":{\"@type\":\"EntryPoint\",\"urlTemplate\":\"https:\\\/\\\/wunderwald-fahrservice.de\\\/?s={search_term_string}\"},\"query-input\":{\"@type\":\"PropertyValueSpecification\",\"valueRequired\":true,\"valueName\":\"search_term_string\"}}],\"inLanguage\":\"en-US\"},{\"@type\":\"Organization\",\"@id\":\"https:\\\/\\\/wunderwald-fahrservice.de\\\/#organization\",\"name\":\"Wunderwald Fahrservice Berlin\",\"url\":\"https:\\\/\\\/wunderwald-fahrservice.de\\\/\",\"logo\":{\"@type\":\"ImageObject\",\"inLanguage\":\"en-US\",\"@id\":\"https:\\\/\\\/wunderwald-fahrservice.de\\\/#\\\/schema\\\/logo\\\/image\\\/\",\"url\":\"https:\\\/\\\/wunderwald-fahrservice.de\\\/wp-content\\\/uploads\\\/2023\\\/03\\\/cropped-Icon_Logo_klein.png\",\"contentUrl\":\"https:\\\/\\\/wunderwald-fahrservice.de\\\/wp-content\\\/uploads\\\/2023\\\/03\\\/cropped-Icon_Logo_klein.png\",\"width\":693,\"height\":100,\"caption\":\"Wunderwald Fahrservice Berlin\"},\"image\":{\"@id\":\"https:\\\/\\\/wunderwald-fahrservice.de\\\/#\\\/schema\\\/logo\\\/image\\\/\"}}]}<\/script>\n<!-- \/ Yoast SEO plugin. -->","yoast_head_json":{"title":"Imprint","robots":{"index":"index","follow":"follow","max-snippet":"max-snippet:-1","max-image-preview":"max-image-preview:large","max-video-preview":"max-video-preview:-1"},"canonical":"https:\/\/wunderwald-fahrservice.de\/en\/imprint\/","og_locale":"en_US","og_type":"article","og_title":"Imprint","og_description":"Imprint gem\u00e4\u00df \u00a75 TMG Wunderwald LBC \u2013 Berlin GmbH Spechtstr. 24b,D-13505 Berlin Management:Jenny Wunderwald Verkehrsleiter :Peter Wunderwald Contact options:Telefon: +49 (0) 30 40 77 94 05Telefax: +49 (0) 30 40 77 94 25info@wunderwald-fahrservice.de Commercial Register: HRB 185632 B \/ AG-CharlottenburgUmsatzsteuer-ID: DE311355416 Supervisory authority: Senatsverwaltung f\u00fcr StadtentwicklungLandesamt f\u00fcr B\u00fcrger- und OrdnungsangelegenheitenReferat Fahrerlaubnisse, Personen- u. G\u00fcterbef\u00f6rderungPuttkammerstr. 16-18, [&hellip;]","og_url":"https:\/\/wunderwald-fahrservice.de\/en\/imprint\/","og_site_name":"Wunderwald Fahrservice Berlin","article_modified_time":"2025-11-29T11:10:34+00:00","twitter_card":"summary_large_image","twitter_misc":{"Est. reading time":"3 minutes"},"schema":{"@context":"https:\/\/schema.org","@graph":[{"@type":"WebPage","@id":"https:\/\/wunderwald-fahrservice.de\/en\/imprint\/","url":"https:\/\/wunderwald-fahrservice.de\/en\/imprint\/","name":"Imprint","isPartOf":{"@id":"https:\/\/wunderwald-fahrservice.de\/#website"},"datePublished":"2022-09-11T09:00:43+00:00","dateModified":"2025-11-29T11:10:34+00:00","breadcrumb":{"@id":"https:\/\/wunderwald-fahrservice.de\/en\/imprint\/#breadcrumb"},"inLanguage":"en-US","potentialAction":[{"@type":"ReadAction","target":["https:\/\/wunderwald-fahrservice.de\/en\/imprint\/"]}]},{"@type":"BreadcrumbList","@id":"https:\/\/wunderwald-fahrservice.de\/en\/imprint\/#breadcrumb","itemListElement":[{"@type":"ListItem","position":1,"name":"Startseite","item":"https:\/\/wunderwald-fahrservice.de\/"},{"@type":"ListItem","position":2,"name":"Imprint"}]},{"@type":"WebSite","@id":"https:\/\/wunderwald-fahrservice.de\/#website","url":"https:\/\/wunderwald-fahrservice.de\/","name":"Wunderwald Fahrservice Berlin","description":"Limousinen, Busse, Minivans f\u00fcr Ihre Touren","publisher":{"@id":"https:\/\/wunderwald-fahrservice.de\/#organization"},"potentialAction":[{"@type":"SearchAction","target":{"@type":"EntryPoint","urlTemplate":"https:\/\/wunderwald-fahrservice.de\/?s={search_term_string}"},"query-input":{"@type":"PropertyValueSpecification","valueRequired":true,"valueName":"search_term_string"}}],"inLanguage":"en-US"},{"@type":"Organization","@id":"https:\/\/wunderwald-fahrservice.de\/#organization","name":"Wunderwald Fahrservice Berlin","url":"https:\/\/wunderwald-fahrservice.de\/","logo":{"@type":"ImageObject","inLanguage":"en-US","@id":"https:\/\/wunderwald-fahrservice.de\/#\/schema\/logo\/image\/","url":"https:\/\/wunderwald-fahrservice.de\/wp-content\/uploads\/2023\/03\/cropped-Icon_Logo_klein.png","contentUrl":"https:\/\/wunderwald-fahrservice.de\/wp-content\/uploads\/2023\/03\/cropped-Icon_Logo_klein.png","width":693,"height":100,"caption":"Wunderwald Fahrservice Berlin"},"image":{"@id":"https:\/\/wunderwald-fahrservice.de\/#\/schema\/logo\/image\/"}}]}},"_links":{"self":[{"href":"https:\/\/wunderwald-fahrservice.de\/en\/wp-json\/wp\/v2\/pages\/4073","targetHints":{"allow":["GET"]}}],"collection":[{"href":"https:\/\/wunderwald-fahrservice.de\/en\/wp-json\/wp\/v2\/pages"}],"about":[{"href":"https:\/\/wunderwald-fahrservice.de\/en\/wp-json\/wp\/v2\/types\/page"}],"author":[{"embeddable":true,"href":"https:\/\/wunderwald-fahrservice.de\/en\/wp-json\/wp\/v2\/users\/6"}],"replies":[{"embeddable":true,"href":"https:\/\/wunderwald-fahrservice.de\/en\/wp-json\/wp\/v2\/comments?post=4073"}],"version-history":[{"count":10,"href":"https:\/\/wunderwald-fahrservice.de\/en\/wp-json\/wp\/v2\/pages\/4073\/revisions"}],"predecessor-version":[{"id":10632,"href":"https:\/\/wunderwald-fahrservice.de\/en\/wp-json\/wp\/v2\/pages\/4073\/revisions\/10632"}],"wp:attachment":[{"href":"https:\/\/wunderwald-fahrservice.de\/en\/wp-json\/wp\/v2\/media?parent=4073"}],"curies":[{"name":"wp","href":"https:\/\/api.w.org\/{rel}","templated":true}]}}